{"id":7,"date":"2011-09-02T20:31:06","date_gmt":"2011-09-02T18:31:06","guid":{"rendered":"http:\/\/www.anttikansala.com\/?page_id=7"},"modified":"2012-02-18T14:21:37","modified_gmt":"2012-02-18T12:21:37","slug":"about","status":"publish","type":"page","link":"http:\/\/www.anttikansala.com\/?page_id=7","title":{"rendered":"About"},"content":{"rendered":"<p style=\"padding-left: 30px;\"><a href=\"http:\/\/www.anttikansala.com\/?attachment_id=136\" rel=\"attachment wp-att-136\"><img loading=\"lazy\" decoding=\"async\" class=\"size-thumbnail wp-image-136 alignleft\" style=\"border-width: 5px; border-color: black; border-style: solid;\" title=\"Antti K\u00e4ns\u00e4l\u00e4\" src=\"http:\/\/www.anttikansala.com\/wp-content\/uploads\/2012\/02\/20120218134533_0025.jpg\" alt=\"\" width=\"99\" height=\"150\" \/><\/a><\/p>\n<p style=\"text-align: justify; padding-left: 30px;\">My name is Antti K\u00e4ns\u00e4l\u00e4, a father of three wonderful kids. Photography is a very keen hobby of mine. The subjects have changed along with my life&#8230;from action sports now to more towards kids and nature. I still want to develop my skills on all aspects of photography and push myself into learning new techniques and genres.<\/p>\n<p style=\"text-align: justify; padding-left: 30px;\">Please do not hesitate to contact me at antti@anttikansala.com or commenting on the blog posts.<\/p>\n<table border=\"0\">\n<tbody>\n<tr>\n<td>[slideshow id=7]<\/td>\n<td>[slideshow id=1]<\/td>\n<\/tr>\n<\/tbody>\n<\/table>\n<p>&nbsp;<\/p>\n","protected":false},"excerpt":{"rendered":"<p>My name is Antti K\u00e4ns\u00e4l\u00e4, a father of three wonderful kids. Photography is a very keen hobby of mine. The subjects have changed along with my life&#8230;from action sports now to more towards kids and nature. I still want to &hellip; <a href=\"http:\/\/www.anttikansala.com\/?page_id=7\">Continue reading <span class=\"meta-nav\">&rarr;<\/span><\/a><\/p>\n","protected":false},"author":3,"featured_media":0,"parent":0,"menu_order":0,"comment_status":"open","ping_status":"closed","template":"","meta":{"footnotes":""},"class_list":["post-7","page","type-page","status-publish","hentry"],"_links":{"self":[{"href":"http:\/\/www.anttikansala.com\/index.php?rest_route=\/wp\/v2\/pages\/7","targetHints":{"allow":["GET"]}}],"collection":[{"href":"http:\/\/www.anttikansala.com\/index.php?rest_route=\/wp\/v2\/pages"}],"about":[{"href":"http:\/\/www.anttikansala.com\/index.php?rest_route=\/wp\/v2\/types\/page"}],"author":[{"embeddable":true,"href":"http:\/\/www.anttikansala.com\/index.php?rest_route=\/wp\/v2\/users\/3"}],"replies":[{"embeddable":true,"href":"http:\/\/www.anttikansala.com\/index.php?rest_route=%2Fwp%2Fv2%2Fcomments&post=7"}],"version-history":[{"count":22,"href":"http:\/\/www.anttikansala.com\/index.php?rest_route=\/wp\/v2\/pages\/7\/revisions"}],"predecessor-version":[{"id":496,"href":"http:\/\/www.anttikansala.com\/index.php?rest_route=\/wp\/v2\/pages\/7\/revisions\/496"}],"wp:attachment":[{"href":"http:\/\/www.anttikansala.com\/index.php?rest_route=%2Fwp%2Fv2%2Fmedia&parent=7"}],"curies":[{"name":"wp","href":"https:\/\/api.w.org\/{rel}","templated":true}]}}